{"id":260,"date":"2023-06-07T00:21:08","date_gmt":"2023-06-07T00:21:08","guid":{"rendered":"https:\/\/lmcabogados.com.mx\/?page_id=260"},"modified":"2023-07-10T23:36:52","modified_gmt":"2023-07-10T23:36:52","slug":"derecho-fiscal","status":"publish","type":"page","link":"https:\/\/lmcabogados.com.mx\/index.php\/derecho-fiscal\/","title":{"rendered":"Derecho Fiscal"},"content":{"rendered":"\t\t<div data-elementor-type=\"wp-page\" data-elementor-id=\"260\" class=\"elementor elementor-260\">\n\t\t\t\t\t\t<section class=\"elementor-section elementor-top-section elementor-element elementor-element-34163f5 elementor-section-stretched elementor-section-boxed elementor-section-height-default elementor-section-height-default\" data-id=\"34163f5\" data-element_type=\"section\" data-settings=\"{&quot;background_background&quot;:&quot;classic&quot;,&quot;stretch_section&quot;:&quot;section-stretched&quot;}\">\n\t\t\t\t\t\t\t<div class=\"elementor-background-overlay\"><\/div>\n\t\t\t\t\t\t\t<div class=\"elementor-container elementor-column-gap-default\">\n\t\t\t\t\t<div class=\"elementor-column elementor-col-100 elementor-top-column elementor-element elementor-element-664bd81\" data-id=\"664bd81\" data-element_type=\"column\">\n\t\t\t<div class=\"elementor-widget-wrap elementor-element-populated\">\n\t\t\t\t\t\t<div class=\"elementor-element elementor-element-8084bfb elementor-widget elementor-widget-heading\" data-id=\"8084bfb\" data-element_type=\"widget\" data-widget_type=\"heading.default\">\n\t\t\t\t<div class=\"elementor-widget-container\">\n\t\t\t<h2 class=\"elementor-heading-title elementor-size-default\">DERECHO FISCAL<\/h2>\t\t<\/div>\n\t\t\t\t<\/div>\n\t\t\t\t\t<\/div>\n\t\t<\/div>\n\t\t\t\t\t<\/div>\n\t\t<\/section>\n\t\t\t\t<section class=\"elementor-section elementor-top-section elementor-element elementor-element-f17bc56 elementor-section-stretched elementor-section-boxed elementor-section-height-default elementor-section-height-default\" data-id=\"f17bc56\" data-element_type=\"section\" data-settings=\"{&quot;stretch_section&quot;:&quot;section-stretched&quot;,&quot;background_background&quot;:&quot;classic&quot;}\">\n\t\t\t\t\t\t\t<div class=\"elementor-background-overlay\"><\/div>\n\t\t\t\t\t\t\t<div class=\"elementor-container elementor-column-gap-default\">\n\t\t\t\t\t<div class=\"elementor-column elementor-col-100 elementor-top-column elementor-element elementor-element-41a48eb\" data-id=\"41a48eb\" data-element_type=\"column\">\n\t\t\t<div class=\"elementor-widget-wrap elementor-element-populated\">\n\t\t\t\t\t\t<div class=\"elementor-element elementor-element-7d64a4a elementor-widget elementor-widget-text-editor\" data-id=\"7d64a4a\" data-element_type=\"widget\" data-widget_type=\"text-editor.default\">\n\t\t\t\t<div class=\"elementor-widget-container\">\n\t\t\t\t\t\t\t<span style=\"text-decoration: underline;\"><b>Consultor\u00eda Fiscal<\/b><\/span>\n<ul>\n \t<li>An\u00e1lisis sobre las disposiciones fiscales nacionales e internacionales para una adecuada toma de decisiones en las <p style=\"padding-left: 14px;\"> operaciones habituales deempresas como de personas f\u00edsicas, cumpliendo con las disposiciones legales y fiscales aplicables.<\/li>\n<\/ul>\n<span style=\"text-decoration: underline;\"><b>Devoluci\u00f3n de Impuestos<\/b><\/span>\n<ul>\n \t<li>Nuestros servicios comprenden la recuperaci\u00f3n de saldos a favor o pago de lo indebido de empresas como de <p style=\"padding-left: 14px;\">personas f\u00edsicas. En la actualidad los procedimientos de devoluci\u00f3n de impuestos requieren de experiencia en materia contable y fiscal para obtener una devoluci\u00f3n de impuestos r\u00e1pida y sin contratiempos.<\/li>\n<\/ul>\n<span style=\"text-decoration: underline;\"><b>Dictamen Fiscal<\/b><\/span>\n<ul>\n \t<li>Para aquellos contribuyentes que tienen la opci\u00f3n de dictaminar sus estados financieros ofrecemos el servicio de <p style=\"padding-left: 14px;\">elaboraci\u00f3n de dictamen fiscal, as\u00ed como tambi\u00e9n en procedimientos de venta de acciones de sociedades emisoras mexicanas cuyos adquirentes son personas residentes en el extranjero.<\/li>\n<\/ul>\n<span style=\"text-decoration: underline;\"><b>Seguridad Social y Laboral<\/b><\/span>\n<ul>\n \t<li>Planeaci\u00f3n y asesoramiento en el cumplimiento del Sistema de Afiliaci\u00f3n para Trabajadores de la Industria de la <p style=\"padding-left: 14px;\">Construcci\u00f3n (SATIC).<\/li>\n \t<li>Asesoramiento del grado de cumplimiento a la Ley del Seguro Social y sus Reglamentos por parte de los contratistas <p style=\"padding-left: 14px;\"> y\/o subcontratistas que intervienen en la obra de construcci\u00f3n.<\/li>\n \t<li>Asesoramiento y cabildeo en tr\u00e1mites de correcci\u00f3n patronal sobre el an\u00e1lisis de la documentaci\u00f3n fiscal y contable al <p style=\"padding-left: 14px;\"> t\u00e9rmino de las obras de construcci\u00f3n, con\u00a0 la finalidad de obtener la constancia de cumplimiento emitida por el IMSS.<\/li>\n \t<li>Atenci\u00f3n de auditorias y litigios en materia de seguridad social y laboral.<\/li>\n<\/ul>\n<span style=\"text-decoration: underline;\"><b>Controversia y Litigio Fiscal<\/b><\/span>\n<ul>\n \t<li>Acompa\u00f1amiento y asesor\u00eda en procedimientos de auditoria iniciados por las autoridades fiscales (SAT, IMSS e <p style=\"padding-left: 14px;\"> INFONAVIT) para verificar el cumplimiento de las disposiciones fiscales, tales como: visita domiciliar\u00eda, revisi\u00f3n de gabinete, revisi\u00f3n electr\u00f3nica, entre otras.<\/li>\n \t<li>Asesor\u00eda en procedimientos administrativos como: cancelaci\u00f3n de certificados de sellos digitales; procedimiento para <p style=\"padding-left: 14px;\">desvirtuar presunci\u00f3n de operaciones inexistentes (art. 69-B CFF); consultas o confirmaci\u00f3n de criterio; entre otros.<\/li>\n \t<li>Defensa legal en contra de actos emitidos por las autoridades fiscales mediante su impugnaci\u00f3n ante instancias <p style=\"padding-left: 14px;\">administrativas o juicio contencioso administrativo ante el Tribunal Federal de Justicia Administrativa, tales como: cr\u00e9ditos fiscales, negativas de devoluci\u00f3n de impuestos, entre otros recursos.<\/li>\n \t<li>Amparo fiscal en contra de leyes y reglamentos que causan una afectaci\u00f3n a los derechos y garant\u00edas constitucionales <p style=\"padding-left: 14px;\">de los contribuyentes.<\/li>\n<\/ul>\n<span style=\"text-decoration: underline;\"><b>Planeaci\u00f3n fiscal y patrimonial nacional e internacional.<\/b><\/span>\n<ul>\n \t<li>Dise\u00f1o e implementaci\u00f3n de estructuras corporativas y patrimoniales para brindar protecci\u00f3n de activos a trav\u00e9s de <p style=\"padding-left: 14px;\">fideicomisos nacionales o extranjeros; sociedades; entidades o veh\u00edculos jur\u00eddicos en el extranjero.<\/li>\n<\/ul>\t\t\t\t\t\t<\/div>\n\t\t\t\t<\/div>\n\t\t\t\t\t<\/div>\n\t\t<\/div>\n\t\t\t\t\t<\/div>\n\t\t<\/section>\n\t\t\t\t<section class=\"elementor-section elementor-top-section elementor-element elementor-element-760bbf7 elementor-section-stretched elementor-section-boxed elementor-section-height-default elementor-section-height-default\" data-id=\"760bbf7\" data-element_type=\"section\" data-settings=\"{&quot;stretch_section&quot;:&quot;section-stretched&quot;,&quot;background_background&quot;:&quot;classic&quot;}\">\n\t\t\t\t\t\t<div class=\"elementor-container elementor-column-gap-default\">\n\t\t\t\t\t<div class=\"elementor-column elementor-col-50 elementor-top-column elementor-element elementor-element-d11f344\" data-id=\"d11f344\" data-element_type=\"column\">\n\t\t\t<div class=\"elementor-widget-wrap elementor-element-populated\">\n\t\t\t\t\t\t<div class=\"elementor-element elementor-element-b1f84d6 elementor-widget elementor-widget-image\" data-id=\"b1f84d6\" data-element_type=\"widget\" data-widget_type=\"image.default\">\n\t\t\t\t<div class=\"elementor-widget-container\">\n\t\t\t\t\t\t\t\t\t\t\t\t\t<img fetchpriority=\"high\" decoding=\"async\" width=\"1024\" height=\"232\" src=\"https:\/\/lmcabogados.com.mx\/wp-content\/uploads\/2023\/05\/LMC-ABOGADOS-BLANCO-1024x232.png\" class=\"attachment-large size-large wp-image-85\" alt=\"\" \/>\t\t\t\t\t\t\t\t\t\t\t\t\t<\/div>\n\t\t\t\t<\/div>\n\t\t\t\t\t<\/div>\n\t\t<\/div>\n\t\t\t\t<div class=\"elementor-column elementor-col-50 elementor-top-column elementor-element elementor-element-7143488\" data-id=\"7143488\" data-element_type=\"column\">\n\t\t\t<div class=\"elementor-widget-wrap elementor-element-populated\">\n\t\t\t\t\t\t<div class=\"elementor-element elementor-element-e7e2cc6 elementor-icon-list--layout-traditional elementor-list-item-link-full_width elementor-widget elementor-widget-icon-list\" data-id=\"e7e2cc6\" data-element_type=\"widget\" data-widget_type=\"icon-list.default\">\n\t\t\t\t<div class=\"elementor-widget-container\">\n\t\t\t\t\t<ul class=\"elementor-icon-list-items\">\n\t\t\t\t\t\t\t<li class=\"elementor-icon-list-item\">\n\t\t\t\t\t\t\t\t\t\t\t<span class=\"elementor-icon-list-icon\">\n\t\t\t\t\t\t\t<i aria-hidden=\"true\" class=\"fas fa-envelope\"><\/i>\t\t\t\t\t\t<\/span>\n\t\t\t\t\t\t\t\t\t\t<span class=\"elementor-icon-list-text\">contacto@lmcabogados.com.mx<\/span>\n\t\t\t\t\t\t\t\t\t<\/li>\n\t\t\t\t\t\t\t\t<li class=\"elementor-icon-list-item\">\n\t\t\t\t\t\t\t\t\t\t\t<a href=\"https:\/\/goo.gl\/maps\/E9bqRddX4meN12YZ8\">\n\n\t\t\t\t\t\t\t\t\t\t\t\t<span class=\"elementor-icon-list-icon\">\n\t\t\t\t\t\t\t<i aria-hidden=\"true\" class=\"fas fa-location-arrow\"><\/i>\t\t\t\t\t\t<\/span>\n\t\t\t\t\t\t\t\t\t\t<span class=\"elementor-icon-list-text\">Guillermo Gonz\u00e1lez Camarena 1100, Col. Santa Fe, C.P. 01376, Ciudad de Mexico, Mexico.<\/span>\n\t\t\t\t\t\t\t\t\t\t\t<\/a>\n\t\t\t\t\t\t\t\t\t<\/li>\n\t\t\t\t\t\t<\/ul>\n\t\t\t\t<\/div>\n\t\t\t\t<\/div>\n\t\t\t\t\t<\/div>\n\t\t<\/div>\n\t\t\t\t\t<\/div>\n\t\t<\/section>\n\t\t\t\t<section class=\"elementor-section elementor-top-section elementor-element elementor-element-b08b5d8 elementor-section-stretched elementor-section-boxed elementor-section-height-default elementor-section-height-default\" data-id=\"b08b5d8\" data-element_type=\"section\" data-settings=\"{&quot;background_background&quot;:&quot;classic&quot;,&quot;stretch_section&quot;:&quot;section-stretched&quot;}\">\n\t\t\t\t\t\t<div class=\"elementor-container elementor-column-gap-default\">\n\t\t\t\t\t<div class=\"elementor-column elementor-col-100 elementor-top-column elementor-element elementor-element-67edae0\" data-id=\"67edae0\" data-element_type=\"column\">\n\t\t\t<div class=\"elementor-widget-wrap elementor-element-populated\">\n\t\t\t\t\t\t<div class=\"elementor-element elementor-element-986acba elementor-widget elementor-widget-heading\" data-id=\"986acba\" data-element_type=\"widget\" data-widget_type=\"heading.default\">\n\t\t\t\t<div class=\"elementor-widget-container\">\n\t\t\t<h6 class=\"elementor-heading-title elementor-size-default\">\u00a9 LMC. 2023<br>All rights reserved.\n\n<\/h6>\t\t<\/div>\n\t\t\t\t<\/div>\n\t\t\t\t\t<\/div>\n\t\t<\/div>\n\t\t\t\t\t<\/div>\n\t\t<\/section>\n\t\t\t\t<\/div>\n\t\t","protected":false},"excerpt":{"rendered":"<p>DERECHO FISCAL Consultor\u00eda Fiscal An\u00e1lisis sobre las disposiciones fiscales nacionales e internacionales para una adecuada toma de decisiones en las operaciones habituales deempresas como de personas f\u00edsicas, cumpliendo con las disposiciones legales y fiscales aplicables. Devoluci\u00f3n de Impuestos Nuestros servicios comprenden la recuperaci\u00f3n de saldos a favor o pago de lo indebido de empresas como de personas f\u00edsicas. En la&hellip;<\/p>\n","protected":false},"author":1,"featured_media":0,"parent":0,"menu_order":0,"comment_status":"closed","ping_status":"closed","template":"","meta":{"footnotes":""},"class_list":["post-260","page","type-page","status-publish","hentry"],"_links":{"self":[{"href":"https:\/\/lmcabogados.com.mx\/index.php\/wp-json\/wp\/v2\/pages\/260","targetHints":{"allow":["GET"]}}],"collection":[{"href":"https:\/\/lmcabogados.com.mx\/index.php\/wp-json\/wp\/v2\/pages"}],"about":[{"href":"https:\/\/lmcabogados.com.mx\/index.php\/wp-json\/wp\/v2\/types\/page"}],"author":[{"embeddable":true,"href":"https:\/\/lmcabogados.com.mx\/index.php\/wp-json\/wp\/v2\/users\/1"}],"replies":[{"embeddable":true,"href":"https:\/\/lmcabogados.com.mx\/index.php\/wp-json\/wp\/v2\/comments?post=260"}],"version-history":[{"count":22,"href":"https:\/\/lmcabogados.com.mx\/index.php\/wp-json\/wp\/v2\/pages\/260\/revisions"}],"predecessor-version":[{"id":485,"href":"https:\/\/lmcabogados.com.mx\/index.php\/wp-json\/wp\/v2\/pages\/260\/revisions\/485"}],"wp:attachment":[{"href":"https:\/\/lmcabogados.com.mx\/index.php\/wp-json\/wp\/v2\/media?parent=260"}],"curies":[{"name":"wp","href":"https:\/\/api.w.org\/{rel}","templated":true}]}}