{"id":250,"date":"2023-06-07T00:12:01","date_gmt":"2023-06-07T00:12:01","guid":{"rendered":"https:\/\/lmcabogados.com.mx\/?page_id=250"},"modified":"2023-07-10T23:14:49","modified_gmt":"2023-07-10T23:14:49","slug":"derecho-corporativo","status":"publish","type":"page","link":"https:\/\/lmcabogados.com.mx\/index.php\/derecho-corporativo\/","title":{"rendered":"Derecho Corporativo"},"content":{"rendered":"\t\t<div data-elementor-type=\"wp-page\" data-elementor-id=\"250\" class=\"elementor elementor-250\">\n\t\t\t\t\t\t<section class=\"elementor-section elementor-top-section elementor-element elementor-element-a654894 elementor-section-stretched elementor-section-boxed elementor-section-height-default elementor-section-height-default\" data-id=\"a654894\" data-element_type=\"section\" data-settings=\"{&quot;background_background&quot;:&quot;classic&quot;,&quot;stretch_section&quot;:&quot;section-stretched&quot;}\">\n\t\t\t\t\t\t\t<div class=\"elementor-background-overlay\"><\/div>\n\t\t\t\t\t\t\t<div class=\"elementor-container elementor-column-gap-default\">\n\t\t\t\t\t<div class=\"elementor-column elementor-col-100 elementor-top-column elementor-element elementor-element-07db862\" data-id=\"07db862\" data-element_type=\"column\">\n\t\t\t<div class=\"elementor-widget-wrap elementor-element-populated\">\n\t\t\t\t\t\t<div class=\"elementor-element elementor-element-0fab8da elementor-widget elementor-widget-heading\" data-id=\"0fab8da\" data-element_type=\"widget\" data-widget_type=\"heading.default\">\n\t\t\t\t<div class=\"elementor-widget-container\">\n\t\t\t<h2 class=\"elementor-heading-title elementor-size-default\">DERECHO CORPORATIVO<\/h2>\t\t<\/div>\n\t\t\t\t<\/div>\n\t\t\t\t\t<\/div>\n\t\t<\/div>\n\t\t\t\t\t<\/div>\n\t\t<\/section>\n\t\t\t\t<section class=\"elementor-section elementor-top-section elementor-element elementor-element-a01ef58 elementor-section-stretched elementor-section-boxed elementor-section-height-default elementor-section-height-default\" data-id=\"a01ef58\" data-element_type=\"section\" data-settings=\"{&quot;stretch_section&quot;:&quot;section-stretched&quot;,&quot;background_background&quot;:&quot;classic&quot;}\">\n\t\t\t\t\t\t\t<div class=\"elementor-background-overlay\"><\/div>\n\t\t\t\t\t\t\t<div class=\"elementor-container elementor-column-gap-default\">\n\t\t\t\t\t<div class=\"elementor-column elementor-col-100 elementor-top-column elementor-element elementor-element-7b3a002\" data-id=\"7b3a002\" data-element_type=\"column\">\n\t\t\t<div class=\"elementor-widget-wrap elementor-element-populated\">\n\t\t\t\t\t\t<div class=\"elementor-element elementor-element-25eeea0 elementor-widget elementor-widget-text-editor\" data-id=\"25eeea0\" data-element_type=\"widget\" data-widget_type=\"text-editor.default\">\n\t\t\t\t<div class=\"elementor-widget-container\">\n\t\t\t\t\t\t\tElaboramos todo tipo de contratos en materia mercantil y asesor\u00eda para reclamar su cumplimiento o incumplimiento; comisi\u00f3n mercantil, dep\u00f3sito, permutas, cesi\u00f3n de cr\u00e9ditos, consignaci\u00f3n, agencia, seguro, franquicia y cualquier otro tipo de contratos no reglamentados especialmente por la Ley.\n\nNegociaci\u00f3n, y celebraci\u00f3n de contratos de asociaci\u00f3n en participaci\u00f3n.\n\nAsesoramos a nuestros clientes en todo el desarrollo de sus negocios, con la finalidad de que transiten con total apego a derecho.\n\n<br><strong><span style=\"text-decoration: underline;\">Los principales servicios jur\u00eddicos que brindamos en este rubro son los siguientes:<\/span><\/strong>\n<ul>\n \t<li>Asesor\u00eda en la constituci\u00f3n de sociedades y celebraci\u00f3n de todo tipo de contratos para el debido desarrollo de las\n<p style=\"padding-left: 14px;\">Sociedades.<\/p>\n<\/li>\n \t<li>Asesor\u00eda y realizaci\u00f3n de toda clase de asambleas.<\/li>\n \t<li>Preparaci\u00f3n de acuerdos entre accionistas o socios.<\/li>\n \t<li>Negociaci\u00f3n, y celebraci\u00f3n de contratos de compraventa de acciones.<\/li>\n \t<li>Acompa\u00f1amiento para el otorgamiento de poderes.<\/li>\n \t<li>Representaci\u00f3n de empresas e inversionistas extranjeros en relaci\u00f3n con el establecimiento y operaci\u00f3n de sus\n<p style=\"padding-left: 14px;\">negocios en M\u00e9xico.<\/p>\n<\/li>\n<\/ul>\t\t\t\t\t\t<\/div>\n\t\t\t\t<\/div>\n\t\t\t\t\t<\/div>\n\t\t<\/div>\n\t\t\t\t\t<\/div>\n\t\t<\/section>\n\t\t\t\t<section class=\"elementor-section elementor-top-section elementor-element elementor-element-d18b57c elementor-section-stretched elementor-section-boxed elementor-section-height-default elementor-section-height-default\" data-id=\"d18b57c\" data-element_type=\"section\" data-settings=\"{&quot;stretch_section&quot;:&quot;section-stretched&quot;,&quot;background_background&quot;:&quot;classic&quot;}\">\n\t\t\t\t\t\t<div class=\"elementor-container elementor-column-gap-default\">\n\t\t\t\t\t<div class=\"elementor-column elementor-col-50 elementor-top-column elementor-element elementor-element-dea761a\" data-id=\"dea761a\" data-element_type=\"column\">\n\t\t\t<div class=\"elementor-widget-wrap elementor-element-populated\">\n\t\t\t\t\t\t<div class=\"elementor-element elementor-element-edee454 elementor-widget elementor-widget-image\" data-id=\"edee454\" data-element_type=\"widget\" data-widget_type=\"image.default\">\n\t\t\t\t<div class=\"elementor-widget-container\">\n\t\t\t\t\t\t\t\t\t\t\t\t\t<img fetchpriority=\"high\" decoding=\"async\" width=\"1024\" height=\"232\" src=\"https:\/\/lmcabogados.com.mx\/wp-content\/uploads\/2023\/05\/LMC-ABOGADOS-BLANCO-1024x232.png\" class=\"attachment-large size-large wp-image-85\" alt=\"\" \/>\t\t\t\t\t\t\t\t\t\t\t\t\t<\/div>\n\t\t\t\t<\/div>\n\t\t\t\t\t<\/div>\n\t\t<\/div>\n\t\t\t\t<div class=\"elementor-column elementor-col-50 elementor-top-column elementor-element elementor-element-b783bb3\" data-id=\"b783bb3\" data-element_type=\"column\">\n\t\t\t<div class=\"elementor-widget-wrap elementor-element-populated\">\n\t\t\t\t\t\t<div class=\"elementor-element elementor-element-a9b6afb elementor-icon-list--layout-traditional elementor-list-item-link-full_width elementor-widget elementor-widget-icon-list\" data-id=\"a9b6afb\" data-element_type=\"widget\" data-widget_type=\"icon-list.default\">\n\t\t\t\t<div class=\"elementor-widget-container\">\n\t\t\t\t\t<ul class=\"elementor-icon-list-items\">\n\t\t\t\t\t\t\t<li class=\"elementor-icon-list-item\">\n\t\t\t\t\t\t\t\t\t\t\t<span class=\"elementor-icon-list-icon\">\n\t\t\t\t\t\t\t<i aria-hidden=\"true\" class=\"fas fa-envelope\"><\/i>\t\t\t\t\t\t<\/span>\n\t\t\t\t\t\t\t\t\t\t<span class=\"elementor-icon-list-text\">contacto@lmcabogados.com.mx<\/span>\n\t\t\t\t\t\t\t\t\t<\/li>\n\t\t\t\t\t\t\t\t<li class=\"elementor-icon-list-item\">\n\t\t\t\t\t\t\t\t\t\t\t<a href=\"https:\/\/goo.gl\/maps\/E9bqRddX4meN12YZ8\">\n\n\t\t\t\t\t\t\t\t\t\t\t\t<span class=\"elementor-icon-list-icon\">\n\t\t\t\t\t\t\t<i aria-hidden=\"true\" class=\"fas fa-location-arrow\"><\/i>\t\t\t\t\t\t<\/span>\n\t\t\t\t\t\t\t\t\t\t<span class=\"elementor-icon-list-text\">Guillermo Gonz\u00e1lez Camarena 1100, Col. Santa Fe, C.P. 01376, Ciudad de Mexico, Mexico.<\/span>\n\t\t\t\t\t\t\t\t\t\t\t<\/a>\n\t\t\t\t\t\t\t\t\t<\/li>\n\t\t\t\t\t\t<\/ul>\n\t\t\t\t<\/div>\n\t\t\t\t<\/div>\n\t\t\t\t\t<\/div>\n\t\t<\/div>\n\t\t\t\t\t<\/div>\n\t\t<\/section>\n\t\t\t\t<section class=\"elementor-section elementor-top-section elementor-element elementor-element-bf10bf4 elementor-section-stretched elementor-section-boxed elementor-section-height-default elementor-section-height-default\" data-id=\"bf10bf4\" data-element_type=\"section\" data-settings=\"{&quot;background_background&quot;:&quot;classic&quot;,&quot;stretch_section&quot;:&quot;section-stretched&quot;}\">\n\t\t\t\t\t\t<div class=\"elementor-container elementor-column-gap-default\">\n\t\t\t\t\t<div class=\"elementor-column elementor-col-100 elementor-top-column elementor-element elementor-element-0abfffe\" data-id=\"0abfffe\" data-element_type=\"column\">\n\t\t\t<div class=\"elementor-widget-wrap elementor-element-populated\">\n\t\t\t\t\t\t<div class=\"elementor-element elementor-element-6599f79 elementor-widget elementor-widget-heading\" data-id=\"6599f79\" data-element_type=\"widget\" data-widget_type=\"heading.default\">\n\t\t\t\t<div class=\"elementor-widget-container\">\n\t\t\t<h6 class=\"elementor-heading-title elementor-size-default\">\u00a9 LMC. 2023<br>All rights reserved.\n\n<\/h6>\t\t<\/div>\n\t\t\t\t<\/div>\n\t\t\t\t\t<\/div>\n\t\t<\/div>\n\t\t\t\t\t<\/div>\n\t\t<\/section>\n\t\t\t\t<\/div>\n\t\t","protected":false},"excerpt":{"rendered":"<p>DERECHO CORPORATIVO Elaboramos todo tipo de contratos en materia mercantil y asesor\u00eda para reclamar su cumplimiento o incumplimiento; comisi\u00f3n mercantil, dep\u00f3sito, permutas, cesi\u00f3n de cr\u00e9ditos, consignaci\u00f3n, agencia, seguro, franquicia y cualquier otro tipo de contratos no reglamentados especialmente por la Ley. Negociaci\u00f3n, y celebraci\u00f3n de contratos de asociaci\u00f3n en participaci\u00f3n. Asesoramos a nuestros clientes en todo el desarrollo de sus&hellip;<\/p>\n","protected":false},"author":1,"featured_media":0,"parent":0,"menu_order":0,"comment_status":"closed","ping_status":"closed","template":"","meta":{"footnotes":""},"class_list":["post-250","page","type-page","status-publish","hentry"],"_links":{"self":[{"href":"https:\/\/lmcabogados.com.mx\/index.php\/wp-json\/wp\/v2\/pages\/250","targetHints":{"allow":["GET"]}}],"collection":[{"href":"https:\/\/lmcabogados.com.mx\/index.php\/wp-json\/wp\/v2\/pages"}],"about":[{"href":"https:\/\/lmcabogados.com.mx\/index.php\/wp-json\/wp\/v2\/types\/page"}],"author":[{"embeddable":true,"href":"https:\/\/lmcabogados.com.mx\/index.php\/wp-json\/wp\/v2\/users\/1"}],"replies":[{"embeddable":true,"href":"https:\/\/lmcabogados.com.mx\/index.php\/wp-json\/wp\/v2\/comments?post=250"}],"version-history":[{"count":28,"href":"https:\/\/lmcabogados.com.mx\/index.php\/wp-json\/wp\/v2\/pages\/250\/revisions"}],"predecessor-version":[{"id":480,"href":"https:\/\/lmcabogados.com.mx\/index.php\/wp-json\/wp\/v2\/pages\/250\/revisions\/480"}],"wp:attachment":[{"href":"https:\/\/lmcabogados.com.mx\/index.php\/wp-json\/wp\/v2\/media?parent=250"}],"curies":[{"name":"wp","href":"https:\/\/api.w.org\/{rel}","templated":true}]}}